{"id":16,"date":"2025-01-27T08:51:21","date_gmt":"2025-01-27T07:51:21","guid":{"rendered":"https:\/\/nouconventcafeteria.com\/?page_id=16"},"modified":"2025-02-19T01:22:58","modified_gmt":"2025-02-19T00:22:58","slug":"legal","status":"publish","type":"page","link":"https:\/\/nouconventcafeteria.com\/ca\/legal\/","title":{"rendered":"Av\u00eds legal"},"content":{"rendered":"<style>.elementor-16 .elementor-element.elementor-element-36f6047f{--display:flex;--min-height:0vh;--flex-direction:column;--container-widget-width:calc( ( 1 - var( --container-widget-flex-grow ) ) * 100% );--container-widget-height:initial;--container-widget-flex-grow:0;--container-widget-align-self:initial;--flex-wrap-mobile:wrap;--justify-content:center;--align-items:center;--padding-top:10rem;--padding-bottom:5rem;--padding-left:0rem;--padding-right:0rem;}.elementor-16 .elementor-element.elementor-element-36f6047f:not(.elementor-motion-effects-element-type-background), .elementor-16 .elementor-element.elementor-element-36f6047f > .elementor-motion-effects-container > .elementor-motion-effects-layer{background-color:var( --e-global-color-secondary );}.elementor-16 .elementor-element.elementor-element-74ad0cee .elementor-heading-title{font-family:var( --e-global-typography-b4e9b68-font-family ), Sans-serif;font-size:var( --e-global-typography-b4e9b68-font-size );font-weight:var( --e-global-typography-b4e9b68-font-weight );text-transform:var( --e-global-typography-b4e9b68-text-transform );font-style:var( --e-global-typography-b4e9b68-font-style );text-decoration:var( --e-global-typography-b4e9b68-text-decoration );line-height:var( --e-global-typography-b4e9b68-line-height );letter-spacing:var( --e-global-typography-b4e9b68-letter-spacing );word-spacing:var( --e-global-typography-b4e9b68-word-spacing );}.elementor-16 .elementor-element.elementor-element-1f647463{--display:flex;--min-height:50vh;--flex-direction:column;--container-widget-width:calc( ( 1 - var( --container-widget-flex-grow ) ) * 100% );--container-widget-height:initial;--container-widget-flex-grow:0;--container-widget-align-self:initial;--flex-wrap-mobile:wrap;--align-items:center;--padding-top:5rem;--padding-bottom:5rem;--padding-left:0rem;--padding-right:0rem;}.elementor-16 .elementor-element.elementor-element-2d2478c5{font-family:var( --e-global-typography-text-font-family ), Sans-serif;font-size:var( --e-global-typography-text-font-size );font-weight:var( --e-global-typography-text-font-weight );text-transform:var( --e-global-typography-text-text-transform );font-style:var( --e-global-typography-text-font-style );text-decoration:var( --e-global-typography-text-text-decoration );line-height:var( --e-global-typography-text-line-height );color:var( --e-global-color-primary );width:100%;max-width:100%;}@media(max-width:1366px){.elementor-16 .elementor-element.elementor-element-74ad0cee .elementor-heading-title{font-size:var( --e-global-typography-b4e9b68-font-size );line-height:var( --e-global-typography-b4e9b68-line-height );letter-spacing:var( --e-global-typography-b4e9b68-letter-spacing );word-spacing:var( --e-global-typography-b4e9b68-word-spacing );}.elementor-16 .elementor-element.elementor-element-2d2478c5{font-size:var( --e-global-typography-text-font-size );line-height:var( --e-global-typography-text-line-height );}}@media(max-width:1024px){.elementor-16 .elementor-element.elementor-element-74ad0cee .elementor-heading-title{font-size:var( --e-global-typography-b4e9b68-font-size );line-height:var( --e-global-typography-b4e9b68-line-height );letter-spacing:var( --e-global-typography-b4e9b68-letter-spacing );word-spacing:var( --e-global-typography-b4e9b68-word-spacing );}.elementor-16 .elementor-element.elementor-element-2d2478c5{font-size:var( --e-global-typography-text-font-size );line-height:var( --e-global-typography-text-line-height );}}@media(max-width:767px){.elementor-16 .elementor-element.elementor-element-74ad0cee .elementor-heading-title{font-size:var( --e-global-typography-b4e9b68-font-size );line-height:var( --e-global-typography-b4e9b68-line-height );letter-spacing:var( --e-global-typography-b4e9b68-letter-spacing );word-spacing:var( --e-global-typography-b4e9b68-word-spacing );}.elementor-16 .elementor-element.elementor-element-2d2478c5{font-size:var( --e-global-typography-text-font-size );line-height:var( --e-global-typography-text-line-height );}}<\/style>\t\t<div data-elementor-type=\"wp-page\" data-elementor-id=\"16\" class=\"elementor elementor-16\" data-elementor-post-type=\"page\">\n\t\t\t\t<section class=\"elementor-element elementor-element-36f6047f e-flex e-con-boxed e-con e-parent\" data-id=\"36f6047f\" data-element_type=\"container\" data-e-type=\"container\" data-settings=\"{&quot;background_background&quot;:&quot;classic&quot;,&quot;jet_parallax_layout_list&quot;:[]}\">\n\t\t\t\t\t<div class=\"e-con-inner\">\n\t\t\t\t<div class=\"elementor-element elementor-element-74ad0cee elementor-widget elementor-widget-heading\" data-id=\"74ad0cee\" data-element_type=\"widget\" data-e-type=\"widget\" data-widget_type=\"heading.default\">\n\t\t\t\t<div class=\"elementor-widget-container\">\n\t\t\t\t\t<h2 class=\"elementor-heading-title elementor-size-default\">Av\u00eds legal<\/h2>\t\t\t\t<\/div>\n\t\t\t\t<\/div>\n\t\t\t\t\t<\/div>\n\t\t\t\t<\/section>\n\t\t<section class=\"elementor-element elementor-element-1f647463 e-flex e-con-boxed e-con e-parent\" data-id=\"1f647463\" data-element_type=\"container\" data-e-type=\"container\" data-settings=\"{&quot;jet_parallax_layout_list&quot;:[]}\">\n\t\t\t\t\t<div class=\"e-con-inner\">\n\t\t\t\t<div class=\"elementor-element elementor-element-2d2478c5 elementor-widget__width-inherit elementor-widget elementor-widget-text-editor\" data-id=\"2d2478c5\" data-element_type=\"widget\" data-e-type=\"widget\" data-widget_type=\"text-editor.default\">\n\t\t\t\t<div class=\"elementor-widget-container\">\n\t\t\t\t\t\t\t\t\t<h3>I. INFORMACI\u00d3 GENERAL<\/h3><p>En compliment del deure d'informaci\u00f3 establert a la Llei 34\/2002, d'11 de juliol, de Serveis de la Societat de la Informaci\u00f3 i de Comer\u00e7 Electr\u00f2nic (LSSI-CE), a continuaci\u00f3 es facilita la informaci\u00f3 general seg\u00fcent sobre aquest lloc web:<\/p><p>La propietat d'aquest lloc web,\u00a0<span class=\"blanc-space ng-binding\">https:\/\/nouconventcafeteria.com\/<\/span>, (en endavant, el \u00abLloc web\u00bb) \u00e9s propietat de:\u00a0<span class=\"blanc-space ng-binding\">Francisca Alzamora Tortell<\/span>, amb n\u00famero de registre fiscal:\u00a0<span class=\"blanc-space ng-binding\">41518893y<\/span>, els seus detalls de contacte s\u00f3n:<\/p><p>Adre\u00e7a:\u00a0<span class=\"blanc-space ng-binding\">Plaza del Convent, 6 (07500) Manacor, Illes Balears<\/span><\/p><p>N\u00famero de contacte:\u00a0<span class=\"blanc-space ng-binding\">34639669600<\/span><\/p><p>Correu electr\u00f2nic de contacte:\u00a0<span class=\"blanc-space ng-binding\">nouconventcafeteria@gmail.com<\/span><\/p><h3>II. TERMES I CONDICIONS GENERALS D'\u00daS<\/h3><h4>L'objecte d'aquests termes i condicions: El lloc web<\/h4><p>L'objecte d'aquests Termes i Condicions Generals d'\u00das (en endavant, els \u00abTermes\u00bb) \u00e9s regular l'acc\u00e9s i l'\u00fas del Lloc web. Als efectes d'aquests Termes, s'ent\u00e9n per Lloc web: l'aparen\u00e7a externa de les interf\u00edcies de pantalla, tant est\u00e0tiques com din\u00e0miques, \u00e9s a dir, l'arbre de navegaci\u00f3; i tots els elements integrats tant a les interf\u00edcies de pantalla com a l'arbre de navegaci\u00f3 (d'ara endavant, Contingut), aix\u00ed com tots els serveis o recursos en l\u00ednia que es puguin oferir als Usuaris (d'ara endavant, Serveis).<\/p><p><span class=\"blanc-space ng-binding\">Nou Convent Cafeteria<\/span>\u00a0es reserva el dret de modificar, en qualsevol moment i sense previ av\u00eds, la disposici\u00f3 i la configuraci\u00f3 del lloc web i del contingut i dels serveis que s'hi puguin incloure. L'Usuari reconeix i accepta que en qualsevol moment\u00a0<span class=\"blanc-space ng-binding\">Nou Convent Cafeteria<\/span>\u00a0pot suspendre, desactivar i\/o cancel\u00b7lar qualsevol d'aquestes caracter\u00edstiques incloses al lloc web o l'acc\u00e9s a aquestes.<\/p><p>L'acc\u00e9s al lloc web per part de l'usuari \u00e9s lliure i gratu\u00eft; l'usuari no ha de pagar cap tarifa per utilitzar-lo, excepte el cost de la connexi\u00f3 a trav\u00e9s de la xarxa de telecomunicacions proporcionada pel prove\u00efdor de serveis d'internet amb qui l'usuari t\u00e9 un contracte.<\/p><p>L'\u00fas de qualsevol dels continguts o serveis del lloc web pot estar subjecte a la subscripci\u00f3 o registre previ de l'usuari.<\/p><h4>L'usuari<\/h4><p>L'acc\u00e9s, la navegaci\u00f3 i l'\u00fas del lloc web, aix\u00ed com les \u00e0rees habilitades per a la interacci\u00f3 entre usuaris i entre l'usuari i\u00a0<span class=\"blanc-space ng-binding\">Nou Convent Cafeteria<\/span>, com ara seccions de comentaris i\/o de blocs, atorga l'estatus d'Usuari; per tant, des del moment en qu\u00e8 comenceu a navegar pel Lloc web, se us considera que heu acceptat tots els Termes i Condicions establerts en aquest document, aix\u00ed com qualsevol modificaci\u00f3 posterior, sense perjudici de l'aplicaci\u00f3 de les disposicions legals obligat\u00f2ries corresponents. Atesa la import\u00e0ncia de l'anterior, es recomana als Usuaris que llegeixin aquests Termes i Condicions cada vegada que visitin el Lloc web.<\/p><p>El lloc web de\u00a0<span class=\"blanc-space ng-binding\">Nou Convent Cafeteria<\/span>\u00a0ofereix una \u00e0mplia gamma d'informaci\u00f3, serveis i dades. L'Usuari \u00e9s responsable d'utilitzar el lloc web de manera correcta. Aquesta responsabilitat s'est\u00e9n a:<\/p><ul><li>\u00das de la informaci\u00f3, el contingut i\/o els serveis i dades proporcionats per\u00a0<span class=\"blanc-space ng-binding\">Nou Convent Cafeteria<\/span>\u00a0sense contravenir les disposicions d'aquests Termes i Condicions, la llei, la moral p\u00fablica o l'ordre p\u00fablic, o infringir de qualsevol altra manera els drets de tercers o el funcionament correcte del lloc web.<\/li><li>L'exactitud i la licitud de la informaci\u00f3 proporcionada per l'Usuari en els formularis emesos per\u00a0<span class=\"blanc-space ng-binding\">Nou Convent Cafeteria<\/span>\u00a0per accedir a determinats Continguts o Serveis oferts pel Lloc web. En qualsevol cas, l'Usuari haur\u00e0 de notificar immediatament\u00a0<span class=\"blanc-space ng-binding\">Nou Convent Cafeteria<\/span>\u00a0Pel que fa a qualsevol incident que pugui conduir a l'\u00fas indegut de la informaci\u00f3 registrada en aquests formularis, com ara, per\u00f2 sense limitar-s'hi, el robatori, la p\u00e8rdua o l'acc\u00e9s no autoritzat a noms d'usuari i\/o contrasenyes, perqu\u00e8 puguem procedir a la seva cancel\u00b7laci\u00f3 immediata.<\/li><\/ul><p><span class=\"blanc-space ng-binding\">Nou Convent Cafeteria<\/span>\u00a0es reserva el dret de suprimir qualsevol comentari o contribuci\u00f3 que infringeixi la llei, no respecti la dignitat humana, sigui discriminatori, xen\u00f2fob, racista, pornogr\u00e0fic o constitueixi correu brossa (spamming); que sigui nociu per a menors o infants; que amenaci l'ordre p\u00fablic o la seguretat; o que, al seu parer, no sigui apte per a la publicaci\u00f3.<\/p><p>En qualsevol cas,\u00a0<span class=\"blanc-space ng-binding\">Nou Convent Cafeteria<\/span>\u00a0No ser\u00e0 responsable de les opinions expressades pels Usuaris mitjan\u00e7ant comentaris o qualsevol altra eina de bloc o participaci\u00f3 que pugui estar disponible.<\/p><p>El simple acc\u00e9s a aquest lloc web no implica l'establiment de cap mena de relaci\u00f3 comercial entre\u00a0<span class=\"blanc-space ng-binding\">Nou Convent Cafeteria<\/span>\u00a0i l'usuari.<\/p><p>L'Usuari declara que \u00e9s major d'edat i t\u00e9 capacitat jur\u00eddica suficient per quedar vinculat per aquests Termes i Condicions. Per tant, aquest lloc web\u00a0<span class=\"blanc-space ng-binding\">Nou Convent Cafeteria<\/span>\u00a0No est\u00e0 dirigit a menors d'edat.\u00a0<span class=\"blanc-space ng-binding\">Nou Convent Cafeteria<\/span>\u00a0No accepta cap responsabilitat per l'incompliment d'aquest requisit.<\/p><p>El lloc web est\u00e0 principalment destinat als usuaris residents a\u00a0<span class=\"blanc-space ng-binding\">Espanya<\/span>.\u00a0<span class=\"blanc-space ng-binding\">Nou Convent Cafeteria<\/span>\u00a0no garanteix que el lloc web compleixi amb les lleis d'altres pa\u00efsos, ni totalment ni parcialment. Si l'Usuari resideix o est\u00e0 domiciliat en un altre lloc i decideix accedir i\/o navegar pel lloc web, ho fa sota la seva pr\u00f2pia responsabilitat; ha de garantir que aquest acc\u00e9s i navegaci\u00f3 compleixin les lleis locals aplicables a ell, i l'Empresa no accepta cap responsabilitat.\u00a0<span class=\"blanc-space ng-binding\">Nou Convent Cafeteria<\/span>\u00a0qualsevol responsabilitat que pugui derivar d'aquest acc\u00e9s.<\/p><h3>III. ACC\u00c9S I NAVEGACI\u00d3 PER L'LLOC WEB: EXONERACI\u00d3 DE GARANTIES I RESPONSABILITAT<\/h3><p><span class=\"blanc-space ng-binding\">Nou Convent Cafeteria<\/span>\u00a0no garanteix la continu\u00eftat, la disponibilitat o la utilitat del Lloc web, ni dels Continguts o Serveis.\u00a0<span class=\"blanc-space ng-binding\">Nou Convent Cafeteria<\/span>\u00a0Far\u00e0 tot el possible per garantir el bon funcionament del lloc web; tanmateix, no accepta cap responsabilitat ni ofereix cap garantia que l'acc\u00e9s a aquest lloc web sigui ininterromput o sense errors.<\/p><p>Tampoc no accepta cap responsabilitat ni garantia que el contingut o el programari accessibles a trav\u00e9s d'aquest lloc web estiguin lliures d'errors o no causin danys al sistema inform\u00e0tic de l'usuari (programari i maquinari). En cap circumst\u00e0ncia\u00a0<span class=\"blanc-space ng-binding\">Nou Convent Cafeteria<\/span>\u00a0ser\u00e0 responsable de qualsevol p\u00e8rdua o dany de qualsevol mena que sorgeixi de l'acc\u00e9s, la navegaci\u00f3 o l'\u00fas del lloc web, incloent-hi, entre d'altres, danys als sistemes inform\u00e0tics o els danys causats per la introducci\u00f3 de virus.<\/p><p><span class=\"blanc-space ng-binding\">Nou Convent Cafeteria<\/span>\u00a0Ni accepta cap responsabilitat per qualsevol dany que pugui causar als usuaris com a resultat de l'\u00fas indegut d'aquest lloc web. En particular, no assumeix cap responsabilitat per cap tall, interrupci\u00f3, fallada o avaria en les telecomunicacions que pugui produir-se.<\/p><h3>IV. POL\u00cdTICA D'ENLLA\u00c7OS<\/h3><p>Qualsevol usuari o tercer que cre\u00ef un hiperenlla\u00e7 des d'una p\u00e0gina web d'un lloc web diferent al lloc web de\u00a0<span class=\"blanc-space ng-binding\">Nou Convent Cafeteria<\/span>\u00a0cal que s\u00e0pigues que:<\/p><p>La reproducci\u00f3\u2014en tot o en part\u2014de qualsevol dels Continguts i\/o Serveis del Lloc web no est\u00e0 permesa sense l'autoritzaci\u00f3 expressa de\u00a0<span class=\"blanc-space ng-binding\">Nou Convent Cafeteria<\/span>.<\/p><p>No es permeten declaracions falses, inexactes o incorrectes al lloc web de\u00a0<span class=\"blanc-space ng-binding\">Nou Convent Cafeteria<\/span>, ni pel que fa al Contingut i\/o als Serveis que s'hi proporcionen.<\/p><p>Amb l'excepci\u00f3 de l'hiperv\u00edncul, el lloc web en qu\u00e8 es col\u00b7loqui aquest hiperv\u00edncul no haur\u00e0 de contenir cap element d'aquest lloc web que estigui protegit com a propietat intel\u00b7lectual segons la legislaci\u00f3 espanyola, llevat que estigui expressament autoritzat per\u00a0<span class=\"blanc-space ng-binding\">Nou Convent Cafeteria<\/span>.<\/p><p>La inclusi\u00f3 d'un hiperv\u00edncle no implicar\u00e0 l'exist\u00e8ncia de cap relaci\u00f3 entre\u00a0<span class=\"blanc-space ng-binding\">Nou Convent Cafeteria<\/span>\u00a0i el propietari del lloc web des del qual s'efectua, ni el coneixement i l'acceptaci\u00f3 de\u00a0<span class=\"blanc-space ng-binding\">Nou Convent Cafeteria<\/span>\u00a0del contingut, els serveis i\/o les activitats oferts en aquest lloc web, i viceversa.<\/p><h3>V. PROPIETAT INTEL\u00b7LECTUAL I INDUSTRIAL<\/h3><p><span class=\"blanc-space ng-binding\">Nou Convent Cafeteria<\/span>\u00a0Tant si \u00e9s directament com si \u00e9s com a cession\u00e0ria, la Companyia \u00e9s la titular de tots els drets de propietat intel\u00b7lectual i industrial relacionats amb el lloc web, aix\u00ed com dels elements que cont\u00e9 (incloent-hi, entre d'altres, imatges, so, \u00e0udio, v\u00eddeo, programari o text, marques o logotips, esquemes de color, estructura i disseny, selecci\u00f3 de materials utilitzats, programes inform\u00e0tics necessaris per al seu funcionament, acc\u00e9s i \u00fas, etc.). Per tant, es tracta d'obres protegides com a propietat intel\u00b7lectual en virtut de la legislaci\u00f3 espanyola, a la qual s'apliquen tant la normativa espanyola com la de la UE en aquesta mat\u00e8ria, aix\u00ed com els tractats internacionals rellevants signats per Espanya.<\/p><p>Tots els drets reservats. D'acord amb les disposicions de la Llei de Propietat Intel\u00b7lectual, la reproducci\u00f3, la distribuci\u00f3 i la comunicaci\u00f3 p\u00fablica \u2014incloent-hi la posada a disposici\u00f3 del p\u00fablic\u2014 de tot o part del contingut d'aquest lloc web amb finalitats comercials, en qualsevol format i per qualsevol mitj\u00e0 t\u00e8cnic, est\u00e0 expressament prohibida sense l'autoritzaci\u00f3 de\u00a0<span class=\"blanc-space ng-binding\">Nou Convent Cafeteria<\/span>.<\/p><p>L'Usuari es compromet a respectar els drets de propietat intel\u00b7lectual i industrial de\u00a0<span class=\"blanc-space ng-binding\">Nou Convent Cafeteria<\/span>. Podeu visualitzar el contingut del lloc web, o fins i tot imprimir-lo, copiar-lo i desar-lo al disc dur del vostre ordinador o a qualsevol altre mitj\u00e0 f\u00edsic, sempre que sigui \u00fanicament per al vostre \u00fas personal. No obstant aix\u00f2, no podeu eliminar, alterar ni manipular cap mecanisme de protecci\u00f3 o sistema de seguretat instal\u00b7lat al lloc web.<\/p><p>Si l'Usuari o qualsevol tercer considera que qualsevol dels Continguts del Lloc Web infringeix drets de propietat intel\u00b7lectual, haur\u00e0 de notificar-ho immediatament\u00a0<span class=\"blanc-space ng-binding\">Nou Convent Cafeteria<\/span>\u00a0utilitzant les dades de contacte facilitades a la secci\u00f3 d'INFORMACI\u00d3 GENERAL d'aquest Av\u00eds Legal i Condicions Generals d'\u00das.<\/p><h3>VI. ACCIONS LEGALS, LEGISLACI\u00d3 APLICABLE I JURISDICCI\u00d3<\/h3><p><span class=\"blanc-space ng-binding\">Nou Convent Cafeteria<\/span>\u00a0es reserva el dret d'iniciar qualsevol procediment civil o penal que consideri necessari en relaci\u00f3 amb l'\u00fas indegut del lloc web i el seu contingut, o qualsevol incompliment d'aquests Termes i Condicions.<\/p><p>La relaci\u00f3 entre l'Usuari i\u00a0<span class=\"blanc-space ng-binding\">Nou Convent Cafeteria<\/span>\u00a0S'haur\u00e0 de regir per la legislaci\u00f3 vigent i aplicable a Espanya. Si sorgeix qualsevol conflicte relacionat amb la interpretaci\u00f3 i\/o aplicaci\u00f3 d'aquests Termes i Condicions, les parts sotmetran les seves disputes als tribunals ordinaris, sotmetent-se als tribunals i jutjats competents d'acord amb la llei.<\/p>\t\t\t\t\t\t\t\t<\/div>\n\t\t\t\t<\/div>\n\t\t\t\t\t<\/div>\n\t\t\t\t<\/section>\n\t\t\t\t<\/div>","protected":false},"excerpt":{"rendered":"<p>I. INFORMACI\u00d3N GENERAL En cumplimiento con el deber de informaci\u00f3n dispuesto en la Ley 34\/2002 de Servicios de la Sociedad de la Informaci\u00f3n y el Comercio Electr\u00f3nico (LSSI-CE) de 11 de julio, se facilitan a continuaci\u00f3n los siguientes datos de informaci\u00f3n general de este sitio web: La titularidad de este sitio web,\u00a0https:\/\/nouconventcafeteria.com\/, (en adelante, Sitio [&hellip;]<\/p>\n","protected":false},"author":2,"featured_media":0,"parent":0,"menu_order":21,"comment_status":"closed","ping_status":"open","template":"elementor_header_footer","meta":{"footnotes":""},"class_list":["post-16","page","type-page","status-publish","hentry"],"yoast_head":"<!-- This site is optimized with the Yoast SEO plugin v27.4 - https:\/\/yoast.com\/product\/yoast-seo-wordpress\/ -->\n<title>Aviso legal - Nou Convent Cafeteria<\/title>\n<meta name=\"robots\" content=\"noindex, follow\" \/>\n<meta property=\"og:locale\" content=\"ca_ES\" \/>\n<meta property=\"og:type\" content=\"article\" \/>\n<meta property=\"og:title\" content=\"Aviso legal - Nou Convent Cafeteria\" \/>\n<meta property=\"og:description\" content=\"I. INFORMACI\u00d3N GENERAL En cumplimiento con el deber de informaci\u00f3n dispuesto en la Ley 34\/2002 de Servicios de la Sociedad de la Informaci\u00f3n y el Comercio Electr\u00f3nico (LSSI-CE) de 11 de julio, se facilitan a continuaci\u00f3n los siguientes datos de informaci\u00f3n general de este sitio web: La titularidad de este sitio web,\u00a0https:\/\/nouconventcafeteria.com\/, (en adelante, Sitio [&hellip;]\" \/>\n<meta property=\"og:url\" content=\"https:\/\/nouconventcafeteria.com\/ca\/legal\/\" \/>\n<meta property=\"og:site_name\" content=\"Nou Convent Cafeteria\" \/>\n<meta property=\"article:modified_time\" content=\"2025-02-19T00:22:58+00:00\" \/>\n<meta name=\"twitter:card\" content=\"summary_large_image\" \/>\n<meta name=\"twitter:label1\" content=\"Temps estimat de lectura\" \/>\n\t<meta name=\"twitter:data1\" content=\"8 minuts\" \/>\n<script type=\"application\/ld+json\" class=\"yoast-schema-graph\">{\"@context\":\"https:\\\/\\\/schema.org\",\"@graph\":[{\"@type\":\"WebPage\",\"@id\":\"https:\\\/\\\/nouconventcafeteria.com\\\/legal\\\/\",\"url\":\"https:\\\/\\\/nouconventcafeteria.com\\\/legal\\\/\",\"name\":\"Aviso legal - Nou Convent Cafeteria\",\"isPartOf\":{\"@id\":\"https:\\\/\\\/nouconventcafeteria.com\\\/#website\"},\"datePublished\":\"2025-01-27T07:51:21+00:00\",\"dateModified\":\"2025-02-19T00:22:58+00:00\",\"breadcrumb\":{\"@id\":\"https:\\\/\\\/nouconventcafeteria.com\\\/legal\\\/#breadcrumb\"},\"inLanguage\":\"ca\",\"potentialAction\":[{\"@type\":\"ReadAction\",\"target\":[\"https:\\\/\\\/nouconventcafeteria.com\\\/legal\\\/\"]}]},{\"@type\":\"BreadcrumbList\",\"@id\":\"https:\\\/\\\/nouconventcafeteria.com\\\/legal\\\/#breadcrumb\",\"itemListElement\":[{\"@type\":\"ListItem\",\"position\":1,\"name\":\"Portada\",\"item\":\"https:\\\/\\\/nouconventcafeteria.com\\\/\"},{\"@type\":\"ListItem\",\"position\":2,\"name\":\"Aviso legal\"}]},{\"@type\":\"WebSite\",\"@id\":\"https:\\\/\\\/nouconventcafeteria.com\\\/#website\",\"url\":\"https:\\\/\\\/nouconventcafeteria.com\\\/\",\"name\":\"Nou Convent Cafeteria\",\"description\":\"Servicio de bar, cafeteria, tapas, platos combinados, platos del dia, desayunos, bocadillos, comida mallorquina\",\"publisher\":{\"@id\":\"https:\\\/\\\/nouconventcafeteria.com\\\/#organization\"},\"potentialAction\":[{\"@type\":\"SearchAction\",\"target\":{\"@type\":\"EntryPoint\",\"urlTemplate\":\"https:\\\/\\\/nouconventcafeteria.com\\\/?s={search_term_string}\"},\"query-input\":{\"@type\":\"PropertyValueSpecification\",\"valueRequired\":true,\"valueName\":\"search_term_string\"}}],\"inLanguage\":\"ca\"},{\"@type\":\"Organization\",\"@id\":\"https:\\\/\\\/nouconventcafeteria.com\\\/#organization\",\"name\":\"Nou Convent Cafeteria\",\"url\":\"https:\\\/\\\/nouconventcafeteria.com\\\/\",\"logo\":{\"@type\":\"ImageObject\",\"inLanguage\":\"ca\",\"@id\":\"https:\\\/\\\/nouconventcafeteria.com\\\/#\\\/schema\\\/logo\\\/image\\\/\",\"url\":\"https:\\\/\\\/nouconventcafeteria.com\\\/wp-content\\\/uploads\\\/2025\\\/01\\\/logo.jpg\",\"contentUrl\":\"https:\\\/\\\/nouconventcafeteria.com\\\/wp-content\\\/uploads\\\/2025\\\/01\\\/logo.jpg\",\"width\":1080,\"height\":632,\"caption\":\"Nou Convent Cafeteria\"},\"image\":{\"@id\":\"https:\\\/\\\/nouconventcafeteria.com\\\/#\\\/schema\\\/logo\\\/image\\\/\"}}]}<\/script>\n<!-- \/ Yoast SEO plugin. -->","yoast_head_json":{"title":"Aviso legal - Nou Convent Cafeteria","robots":{"index":"noindex","follow":"follow"},"og_locale":"ca_ES","og_type":"article","og_title":"Aviso legal - Nou Convent Cafeteria","og_description":"I. INFORMACI\u00d3N GENERAL En cumplimiento con el deber de informaci\u00f3n dispuesto en la Ley 34\/2002 de Servicios de la Sociedad de la Informaci\u00f3n y el Comercio Electr\u00f3nico (LSSI-CE) de 11 de julio, se facilitan a continuaci\u00f3n los siguientes datos de informaci\u00f3n general de este sitio web: La titularidad de este sitio web,\u00a0https:\/\/nouconventcafeteria.com\/, (en adelante, Sitio [&hellip;]","og_url":"https:\/\/nouconventcafeteria.com\/ca\/legal\/","og_site_name":"Nou Convent Cafeteria","article_modified_time":"2025-02-19T00:22:58+00:00","twitter_card":"summary_large_image","twitter_misc":{"Temps estimat de lectura":"8 minuts"},"schema":{"@context":"https:\/\/schema.org","@graph":[{"@type":"WebPage","@id":"https:\/\/nouconventcafeteria.com\/legal\/","url":"https:\/\/nouconventcafeteria.com\/legal\/","name":"Aviso legal - Nou Convent Cafeteria","isPartOf":{"@id":"https:\/\/nouconventcafeteria.com\/#website"},"datePublished":"2025-01-27T07:51:21+00:00","dateModified":"2025-02-19T00:22:58+00:00","breadcrumb":{"@id":"https:\/\/nouconventcafeteria.com\/legal\/#breadcrumb"},"inLanguage":"ca","potentialAction":[{"@type":"ReadAction","target":["https:\/\/nouconventcafeteria.com\/legal\/"]}]},{"@type":"BreadcrumbList","@id":"https:\/\/nouconventcafeteria.com\/legal\/#breadcrumb","itemListElement":[{"@type":"ListItem","position":1,"name":"Portada","item":"https:\/\/nouconventcafeteria.com\/"},{"@type":"ListItem","position":2,"name":"Aviso legal"}]},{"@type":"WebSite","@id":"https:\/\/nouconventcafeteria.com\/#website","url":"https:\/\/nouconventcafeteria.com\/","name":"Nou Convent Cafeteria","description":"Servei de bar, cafeteria, tapes, plats combinats, plats del dia, esmorzars, entrepans, menjar mallorqu\u00ed","publisher":{"@id":"https:\/\/nouconventcafeteria.com\/#organization"},"potentialAction":[{"@type":"SearchAction","target":{"@type":"EntryPoint","urlTemplate":"https:\/\/nouconventcafeteria.com\/?s={search_term_string}"},"query-input":{"@type":"PropertyValueSpecification","valueRequired":true,"valueName":"search_term_string"}}],"inLanguage":"ca"},{"@type":"Organization","@id":"https:\/\/nouconventcafeteria.com\/#organization","name":"Nou Convent Cafeteria","url":"https:\/\/nouconventcafeteria.com\/","logo":{"@type":"ImageObject","inLanguage":"ca","@id":"https:\/\/nouconventcafeteria.com\/#\/schema\/logo\/image\/","url":"https:\/\/nouconventcafeteria.com\/wp-content\/uploads\/2025\/01\/logo.jpg","contentUrl":"https:\/\/nouconventcafeteria.com\/wp-content\/uploads\/2025\/01\/logo.jpg","width":1080,"height":632,"caption":"Nou Convent Cafeteria"},"image":{"@id":"https:\/\/nouconventcafeteria.com\/#\/schema\/logo\/image\/"}}]}},"_links":{"self":[{"href":"https:\/\/nouconventcafeteria.com\/ca\/wp-json\/wp\/v2\/pages\/16","targetHints":{"allow":["GET"]}}],"collection":[{"href":"https:\/\/nouconventcafeteria.com\/ca\/wp-json\/wp\/v2\/pages"}],"about":[{"href":"https:\/\/nouconventcafeteria.com\/ca\/wp-json\/wp\/v2\/types\/page"}],"author":[{"embeddable":true,"href":"https:\/\/nouconventcafeteria.com\/ca\/wp-json\/wp\/v2\/users\/2"}],"replies":[{"embeddable":true,"href":"https:\/\/nouconventcafeteria.com\/ca\/wp-json\/wp\/v2\/comments?post=16"}],"version-history":[{"count":9,"href":"https:\/\/nouconventcafeteria.com\/ca\/wp-json\/wp\/v2\/pages\/16\/revisions"}],"predecessor-version":[{"id":1215,"href":"https:\/\/nouconventcafeteria.com\/ca\/wp-json\/wp\/v2\/pages\/16\/revisions\/1215"}],"wp:attachment":[{"href":"https:\/\/nouconventcafeteria.com\/ca\/wp-json\/wp\/v2\/media?parent=16"}],"curies":[{"name":"wp","href":"https:\/\/api.w.org\/{rel}","templated":true}]}}