{"id":18,"date":"2025-01-27T08:52:13","date_gmt":"2025-01-27T07:52:13","guid":{"rendered":"https:\/\/nouconventcafeteria.com\/?page_id=18"},"modified":"2025-02-19T01:23:31","modified_gmt":"2025-02-19T00:23:31","slug":"cookies","status":"publish","type":"page","link":"https:\/\/nouconventcafeteria.com\/ca\/cookies\/","title":{"rendered":"Pol\u00edtica de cookies"},"content":{"rendered":"<style>.elementor-18 .elementor-element.elementor-element-26b33057{--display:flex;--min-height:0vh;--flex-direction:column;--container-widget-width:calc( ( 1 - var( --container-widget-flex-grow ) ) * 100% );--container-widget-height:initial;--container-widget-flex-grow:0;--container-widget-align-self:initial;--flex-wrap-mobile:wrap;--justify-content:center;--align-items:center;--padding-top:10rem;--padding-bottom:5rem;--padding-left:0rem;--padding-right:0rem;}.elementor-18 .elementor-element.elementor-element-26b33057:not(.elementor-motion-effects-element-type-background), .elementor-18 .elementor-element.elementor-element-26b33057 > .elementor-motion-effects-container > .elementor-motion-effects-layer{background-color:var( --e-global-color-secondary );}.elementor-18 .elementor-element.elementor-element-265c67d9 .elementor-heading-title{font-family:var( --e-global-typography-b4e9b68-font-family ), Sans-serif;font-size:var( --e-global-typography-b4e9b68-font-size );font-weight:var( --e-global-typography-b4e9b68-font-weight );text-transform:var( --e-global-typography-b4e9b68-text-transform );font-style:var( --e-global-typography-b4e9b68-font-style );text-decoration:var( --e-global-typography-b4e9b68-text-decoration );line-height:var( --e-global-typography-b4e9b68-line-height );letter-spacing:var( --e-global-typography-b4e9b68-letter-spacing );word-spacing:var( --e-global-typography-b4e9b68-word-spacing );}.elementor-18 .elementor-element.elementor-element-7c76b493{--display:flex;--min-height:50vh;--flex-direction:column;--container-widget-width:calc( ( 1 - var( --container-widget-flex-grow ) ) * 100% );--container-widget-height:initial;--container-widget-flex-grow:0;--container-widget-align-self:initial;--flex-wrap-mobile:wrap;--align-items:center;--padding-top:5rem;--padding-bottom:5rem;--padding-left:0rem;--padding-right:0rem;}.elementor-18 .elementor-element.elementor-element-3d50c2fa{font-family:var( --e-global-typography-text-font-family ), Sans-serif;font-size:var( --e-global-typography-text-font-size );font-weight:var( --e-global-typography-text-font-weight );text-transform:var( --e-global-typography-text-text-transform );font-style:var( --e-global-typography-text-font-style );text-decoration:var( --e-global-typography-text-text-decoration );line-height:var( --e-global-typography-text-line-height );color:var( --e-global-color-primary );width:100%;max-width:100%;}@media(max-width:1366px){.elementor-18 .elementor-element.elementor-element-265c67d9 .elementor-heading-title{font-size:var( --e-global-typography-b4e9b68-font-size );line-height:var( --e-global-typography-b4e9b68-line-height );letter-spacing:var( --e-global-typography-b4e9b68-letter-spacing );word-spacing:var( --e-global-typography-b4e9b68-word-spacing );}.elementor-18 .elementor-element.elementor-element-3d50c2fa{font-size:var( --e-global-typography-text-font-size );line-height:var( --e-global-typography-text-line-height );}}@media(max-width:1024px){.elementor-18 .elementor-element.elementor-element-265c67d9 .elementor-heading-title{font-size:var( --e-global-typography-b4e9b68-font-size );line-height:var( --e-global-typography-b4e9b68-line-height );letter-spacing:var( --e-global-typography-b4e9b68-letter-spacing );word-spacing:var( --e-global-typography-b4e9b68-word-spacing );}.elementor-18 .elementor-element.elementor-element-3d50c2fa{font-size:var( --e-global-typography-text-font-size );line-height:var( --e-global-typography-text-line-height );}}@media(max-width:767px){.elementor-18 .elementor-element.elementor-element-265c67d9 .elementor-heading-title{font-size:var( --e-global-typography-b4e9b68-font-size );line-height:var( --e-global-typography-b4e9b68-line-height );letter-spacing:var( --e-global-typography-b4e9b68-letter-spacing );word-spacing:var( --e-global-typography-b4e9b68-word-spacing );}.elementor-18 .elementor-element.elementor-element-3d50c2fa{font-size:var( --e-global-typography-text-font-size );line-height:var( --e-global-typography-text-line-height );}}<\/style>\t\t<div data-elementor-type=\"wp-page\" data-elementor-id=\"18\" class=\"elementor elementor-18\" data-elementor-post-type=\"page\">\n\t\t\t\t<section class=\"elementor-element elementor-element-26b33057 e-flex e-con-boxed e-con e-parent\" data-id=\"26b33057\" data-element_type=\"container\" data-e-type=\"container\" data-settings=\"{&quot;background_background&quot;:&quot;classic&quot;,&quot;jet_parallax_layout_list&quot;:[]}\">\n\t\t\t\t\t<div class=\"e-con-inner\">\n\t\t\t\t<div class=\"elementor-element elementor-element-265c67d9 elementor-widget elementor-widget-heading\" data-id=\"265c67d9\" data-element_type=\"widget\" data-e-type=\"widget\" data-widget_type=\"heading.default\">\n\t\t\t\t<div class=\"elementor-widget-container\">\n\t\t\t\t\t<h2 class=\"elementor-heading-title elementor-size-default\">Pol\u00edtica de cookies<\/h2>\t\t\t\t<\/div>\n\t\t\t\t<\/div>\n\t\t\t\t\t<\/div>\n\t\t\t\t<\/section>\n\t\t<section class=\"elementor-element elementor-element-7c76b493 e-flex e-con-boxed e-con e-parent\" data-id=\"7c76b493\" data-element_type=\"container\" data-e-type=\"container\" data-settings=\"{&quot;jet_parallax_layout_list&quot;:[]}\">\n\t\t\t\t\t<div class=\"e-con-inner\">\n\t\t\t\t<div class=\"elementor-element elementor-element-3d50c2fa elementor-widget__width-inherit elementor-widget elementor-widget-text-editor\" data-id=\"3d50c2fa\" data-element_type=\"widget\" data-e-type=\"widget\" data-widget_type=\"text-editor.default\">\n\t\t\t\t<div class=\"elementor-widget-container\">\n\t\t\t\t\t\t\t\t\t<p>L'acc\u00e9s a aquest lloc web pot implicar l'\u00fas de galetes. Les galetes s\u00f3n petites peces d'informaci\u00f3 emmagatzemades al navegador que utilitza cada usuari \u2014en els diferents dispositius que puguin fer servir per navegar pel lloc\u2014 perqu\u00e8 el servidor pugui recordar certa informaci\u00f3 que posteriorment nom\u00e9s ser\u00e0 llegida pel servidor que les va crear. Les galetes faciliten la navegaci\u00f3 i la fan m\u00e9s amigable per a l'usuari, i no perjudiquen el dispositiu que s'utilitza per navegar pel lloc.<\/p><p>Les galetes s\u00f3n processos automatitzats que recullen informaci\u00f3 sobre les prefer\u00e8ncies establertes per l'Usuari durant la seva visita al lloc web, amb l'objectiu de recon\u00e8ixer-lo com a Usuari i personalitzar la seva experi\u00e8ncia i \u00fas del lloc web; tamb\u00e9 poden, per exemple, ajudar a identificar i resoldre errors.<\/p><p>La informaci\u00f3 recollida mitjan\u00e7ant les galetes pot incloure la data i l'hora de les visites al lloc web, les p\u00e0gines visualitzades, el temps que s'hi ha passat i els llocs visitats immediatament abans i despr\u00e9s. No obstant aix\u00f2, cap galeta permet que el lloc web es posi en contacte amb l'usuari mitjan\u00e7ant el seu n\u00famero de tel\u00e8fon o qualsevol altre mitj\u00e0 de contacte personal. Cap galeta pot extreure informaci\u00f3 del disc dur de l'usuari ni robar informaci\u00f3 personal. L'\u00fanica manera que la informaci\u00f3 privada de l'Usuari s'inclogui al fitxer de galetes \u00e9s si l'Usuari proporciona personalment aquesta informaci\u00f3 al servidor.<\/p><p>Les galetes que permeten identificar una persona es consideren dades personals. En conseq\u00fc\u00e8ncia, s'hi aplica la Pol\u00edtica de privacitat descrita anteriorment. En aquest sentit, es requereix el consentiment de l'Usuari per al seu \u00fas. Aquest consentiment s'ha de donar lliurement, basat en una elecci\u00f3 genu\u00efna, expressat mitjan\u00e7ant una decisi\u00f3 afirmativa i positiva, abans del tractament inicial, i ha de ser revocable i documentat.<\/p><div class=\"\"><h4>Cookies de primera part<\/h4><p>Aquestes s\u00f3n galetes que s'envien a l'ordinador o dispositiu de l'usuari i s\u00f3n gestionades exclusivament per\u00a0<span class=\"blanc-space ng-binding\">Nou Convent Cafeteria<\/span>\u00a0per garantir que el lloc web funcioni de manera \u00f2ptima. La informaci\u00f3 recollida s'utilitza per millorar la qualitat del lloc web i del seu contingut, aix\u00ed com la vostra experi\u00e8ncia d'usuari. Aquestes galetes ens permeten recon\u00e8ixer-vos com a visitant recurrent del lloc web i adaptar el contingut a les vostres prefer\u00e8ncies.<\/p><\/div><div class=\"\"><h4>Cookies de xarxes socials<\/h4><p><span class=\"blanc-space ng-binding\">Nou Convent Cafeteria<\/span>\u00a0inclou connectors de xarxes socials que permeten accedir a aquestes plataformes a trav\u00e9s del lloc web. Per aquest motiu, les galetes de xarxes socials es poden emmagatzemar al navegador de l'usuari. Els operadors d'aquestes plataformes de xarxes socials tenen les seves pr\u00f2pies pol\u00edtiques de protecci\u00f3 de dades i de galetes, i s\u00f3n els responsables, en cada cas, dels seus propis fitxers de dades i pr\u00e0ctiques de privacitat. Els usuaris haurien de consultar aquestes pol\u00edtiques per obtenir informaci\u00f3 sobre aquestes galetes i, si s'escau, sobre el tractament de les seves dades personals. A t\u00edtol merament informatiu, a continuaci\u00f3 es proporcionen els enlla\u00e7os on es poden consultar aquestes pol\u00edtiques de privacitat i\/o de galetes:<\/p><ul><li>Facebook:\u00a0<a class=\"text-info\" href=\"https:\/\/www.facebook.com\/policies\/cookies\/\">https:\/\/www.facebook.com\/policies\/cookies\/<\/a><\/li><li>Twitter:\u00a0<a class=\"text-info\" href=\"https:\/\/twitter.com\/es\/privacy\">https:\/\/twitter.com\/es\/privacy<\/a><\/li><li>Instagram:\u00a0<a class=\"text-info\" href=\"https:\/\/help.instagram.com\/1896641480634370?ref=ig\">https:\/\/help.instagram.com\/1896641480634370?ref=ig<\/a><\/li><li>YouTube:\u00a0<a class=\"text-info\" href=\"https:\/\/policies.google.com\/privacy?hl=es-419&amp;gl=mx\">https:\/\/policies.google.com\/privacy?hl=es-419&amp;gl=mx<\/a><\/li><li>Pinterest:\u00a0<a class=\"text-info\" href=\"https:\/\/policy.pinterest.com\/es\/privacy-policy\">https:\/\/policy.pinterest.com\/es\/privacy-policy<\/a><\/li><li>LinkedIn:\u00a0<a class=\"text-info\" href=\"https:\/\/www.linkedin.com\/legal\/cookie-policy?trk=hp-cookies\">https:\/\/www.linkedin.com\/legal\/cookie-policy?trk=hp-cookies<\/a><\/li><\/ul><\/div><h4>Desactiva, bloqueja i elimina les galetes<\/h4><p>Els usuaris poden desactivar, bloquejar o eliminar les galetes \u2014totalment o parcialment\u2014 emmagatzemades al seu dispositiu a trav\u00e9s de la configuraci\u00f3 del navegador (incloent-hi, per exemple, Chrome, Firefox, Safari i Explorer). Els procediments per bloquejar i eliminar galetes poden variar d'un navegador web a un altre. Per tant, els usuaris han de consultar les instruccions proporcionades pel navegador web que utilitzen. Si rebutgeu l'\u00fas de les galetes \u2014totalment o parcialment\u2014, podeu continuar utilitzant el lloc web, tot i que l'\u00fas d'algunes de les seves funcions pot estar restringit.<\/p>\t\t\t\t\t\t\t\t<\/div>\n\t\t\t\t<\/div>\n\t\t\t\t\t<\/div>\n\t\t\t\t<\/section>\n\t\t\t\t<\/div>","protected":false},"excerpt":{"rendered":"<p>El acceso a este Sitio Web puede implicar la utilizaci\u00f3n de cookies. Las cookies son peque\u00f1as cantidades de informaci\u00f3n que se almacenan en el navegador utilizado por cada Usuario \u2014en los distintos dispositivos que pueda utilizar para navegar\u2014 para que el servidor recuerde cierta informaci\u00f3n que posteriormente y \u00fanicamente el servidor que la implement\u00f3 leer\u00e1. [&hellip;]<\/p>\n","protected":false},"author":2,"featured_media":0,"parent":0,"menu_order":22,"comment_status":"closed","ping_status":"open","template":"elementor_header_footer","meta":{"footnotes":""},"class_list":["post-18","page","type-page","status-publish","hentry"],"yoast_head":"<!-- This site is optimized with the Yoast SEO plugin v27.4 - https:\/\/yoast.com\/product\/yoast-seo-wordpress\/ -->\n<title>Pol\u00edtica de cookies - Nou Convent Cafeteria<\/title>\n<meta name=\"robots\" content=\"noindex, follow\" \/>\n<meta property=\"og:locale\" content=\"ca_ES\" \/>\n<meta property=\"og:type\" content=\"article\" \/>\n<meta property=\"og:title\" content=\"Pol\u00edtica de cookies - Nou Convent Cafeteria\" \/>\n<meta property=\"og:description\" content=\"El acceso a este Sitio Web puede implicar la utilizaci\u00f3n de cookies. Las cookies son peque\u00f1as cantidades de informaci\u00f3n que se almacenan en el navegador utilizado por cada Usuario \u2014en los distintos dispositivos que pueda utilizar para navegar\u2014 para que el servidor recuerde cierta informaci\u00f3n que posteriormente y \u00fanicamente el servidor que la implement\u00f3 leer\u00e1. [&hellip;]\" \/>\n<meta property=\"og:url\" content=\"https:\/\/nouconventcafeteria.com\/ca\/cookies\/\" \/>\n<meta property=\"og:site_name\" content=\"Nou Convent Cafeteria\" \/>\n<meta property=\"article:modified_time\" content=\"2025-02-19T00:23:31+00:00\" \/>\n<meta name=\"twitter:card\" content=\"summary_large_image\" \/>\n<meta name=\"twitter:label1\" content=\"Temps estimat de lectura\" \/>\n\t<meta name=\"twitter:data1\" content=\"3 minuts\" \/>\n<script type=\"application\/ld+json\" class=\"yoast-schema-graph\">{\"@context\":\"https:\\\/\\\/schema.org\",\"@graph\":[{\"@type\":\"WebPage\",\"@id\":\"https:\\\/\\\/nouconventcafeteria.com\\\/cookies\\\/\",\"url\":\"https:\\\/\\\/nouconventcafeteria.com\\\/cookies\\\/\",\"name\":\"Pol\u00edtica de cookies - Nou Convent Cafeteria\",\"isPartOf\":{\"@id\":\"https:\\\/\\\/nouconventcafeteria.com\\\/#website\"},\"datePublished\":\"2025-01-27T07:52:13+00:00\",\"dateModified\":\"2025-02-19T00:23:31+00:00\",\"breadcrumb\":{\"@id\":\"https:\\\/\\\/nouconventcafeteria.com\\\/cookies\\\/#breadcrumb\"},\"inLanguage\":\"ca\",\"potentialAction\":[{\"@type\":\"ReadAction\",\"target\":[\"https:\\\/\\\/nouconventcafeteria.com\\\/cookies\\\/\"]}]},{\"@type\":\"BreadcrumbList\",\"@id\":\"https:\\\/\\\/nouconventcafeteria.com\\\/cookies\\\/#breadcrumb\",\"itemListElement\":[{\"@type\":\"ListItem\",\"position\":1,\"name\":\"Portada\",\"item\":\"https:\\\/\\\/nouconventcafeteria.com\\\/\"},{\"@type\":\"ListItem\",\"position\":2,\"name\":\"Pol\u00edtica de cookies\"}]},{\"@type\":\"WebSite\",\"@id\":\"https:\\\/\\\/nouconventcafeteria.com\\\/#website\",\"url\":\"https:\\\/\\\/nouconventcafeteria.com\\\/\",\"name\":\"Nou Convent Cafeteria\",\"description\":\"Servicio de bar, cafeteria, tapas, platos combinados, platos del dia, desayunos, bocadillos, comida mallorquina\",\"publisher\":{\"@id\":\"https:\\\/\\\/nouconventcafeteria.com\\\/#organization\"},\"potentialAction\":[{\"@type\":\"SearchAction\",\"target\":{\"@type\":\"EntryPoint\",\"urlTemplate\":\"https:\\\/\\\/nouconventcafeteria.com\\\/?s={search_term_string}\"},\"query-input\":{\"@type\":\"PropertyValueSpecification\",\"valueRequired\":true,\"valueName\":\"search_term_string\"}}],\"inLanguage\":\"ca\"},{\"@type\":\"Organization\",\"@id\":\"https:\\\/\\\/nouconventcafeteria.com\\\/#organization\",\"name\":\"Nou Convent Cafeteria\",\"url\":\"https:\\\/\\\/nouconventcafeteria.com\\\/\",\"logo\":{\"@type\":\"ImageObject\",\"inLanguage\":\"ca\",\"@id\":\"https:\\\/\\\/nouconventcafeteria.com\\\/#\\\/schema\\\/logo\\\/image\\\/\",\"url\":\"https:\\\/\\\/nouconventcafeteria.com\\\/wp-content\\\/uploads\\\/2025\\\/01\\\/logo.jpg\",\"contentUrl\":\"https:\\\/\\\/nouconventcafeteria.com\\\/wp-content\\\/uploads\\\/2025\\\/01\\\/logo.jpg\",\"width\":1080,\"height\":632,\"caption\":\"Nou Convent Cafeteria\"},\"image\":{\"@id\":\"https:\\\/\\\/nouconventcafeteria.com\\\/#\\\/schema\\\/logo\\\/image\\\/\"}}]}<\/script>\n<!-- \/ Yoast SEO plugin. -->","yoast_head_json":{"title":"Pol\u00edtica de cookies - Nou Convent Cafeteria","robots":{"index":"noindex","follow":"follow"},"og_locale":"ca_ES","og_type":"article","og_title":"Pol\u00edtica de cookies - Nou Convent Cafeteria","og_description":"El acceso a este Sitio Web puede implicar la utilizaci\u00f3n de cookies. Las cookies son peque\u00f1as cantidades de informaci\u00f3n que se almacenan en el navegador utilizado por cada Usuario \u2014en los distintos dispositivos que pueda utilizar para navegar\u2014 para que el servidor recuerde cierta informaci\u00f3n que posteriormente y \u00fanicamente el servidor que la implement\u00f3 leer\u00e1. [&hellip;]","og_url":"https:\/\/nouconventcafeteria.com\/ca\/cookies\/","og_site_name":"Nou Convent Cafeteria","article_modified_time":"2025-02-19T00:23:31+00:00","twitter_card":"summary_large_image","twitter_misc":{"Temps estimat de lectura":"3 minuts"},"schema":{"@context":"https:\/\/schema.org","@graph":[{"@type":"WebPage","@id":"https:\/\/nouconventcafeteria.com\/cookies\/","url":"https:\/\/nouconventcafeteria.com\/cookies\/","name":"Pol\u00edtica de cookies - Nou Convent Cafeteria","isPartOf":{"@id":"https:\/\/nouconventcafeteria.com\/#website"},"datePublished":"2025-01-27T07:52:13+00:00","dateModified":"2025-02-19T00:23:31+00:00","breadcrumb":{"@id":"https:\/\/nouconventcafeteria.com\/cookies\/#breadcrumb"},"inLanguage":"ca","potentialAction":[{"@type":"ReadAction","target":["https:\/\/nouconventcafeteria.com\/cookies\/"]}]},{"@type":"BreadcrumbList","@id":"https:\/\/nouconventcafeteria.com\/cookies\/#breadcrumb","itemListElement":[{"@type":"ListItem","position":1,"name":"Portada","item":"https:\/\/nouconventcafeteria.com\/"},{"@type":"ListItem","position":2,"name":"Pol\u00edtica de cookies"}]},{"@type":"WebSite","@id":"https:\/\/nouconventcafeteria.com\/#website","url":"https:\/\/nouconventcafeteria.com\/","name":"Nou Convent Cafeteria","description":"Servei de bar, cafeteria, tapes, plats combinats, plats del dia, esmorzars, entrepans, menjar mallorqu\u00ed","publisher":{"@id":"https:\/\/nouconventcafeteria.com\/#organization"},"potentialAction":[{"@type":"SearchAction","target":{"@type":"EntryPoint","urlTemplate":"https:\/\/nouconventcafeteria.com\/?s={search_term_string}"},"query-input":{"@type":"PropertyValueSpecification","valueRequired":true,"valueName":"search_term_string"}}],"inLanguage":"ca"},{"@type":"Organization","@id":"https:\/\/nouconventcafeteria.com\/#organization","name":"Nou Convent Cafeteria","url":"https:\/\/nouconventcafeteria.com\/","logo":{"@type":"ImageObject","inLanguage":"ca","@id":"https:\/\/nouconventcafeteria.com\/#\/schema\/logo\/image\/","url":"https:\/\/nouconventcafeteria.com\/wp-content\/uploads\/2025\/01\/logo.jpg","contentUrl":"https:\/\/nouconventcafeteria.com\/wp-content\/uploads\/2025\/01\/logo.jpg","width":1080,"height":632,"caption":"Nou Convent Cafeteria"},"image":{"@id":"https:\/\/nouconventcafeteria.com\/#\/schema\/logo\/image\/"}}]}},"_links":{"self":[{"href":"https:\/\/nouconventcafeteria.com\/ca\/wp-json\/wp\/v2\/pages\/18","targetHints":{"allow":["GET"]}}],"collection":[{"href":"https:\/\/nouconventcafeteria.com\/ca\/wp-json\/wp\/v2\/pages"}],"about":[{"href":"https:\/\/nouconventcafeteria.com\/ca\/wp-json\/wp\/v2\/types\/page"}],"author":[{"embeddable":true,"href":"https:\/\/nouconventcafeteria.com\/ca\/wp-json\/wp\/v2\/users\/2"}],"replies":[{"embeddable":true,"href":"https:\/\/nouconventcafeteria.com\/ca\/wp-json\/wp\/v2\/comments?post=18"}],"version-history":[{"count":9,"href":"https:\/\/nouconventcafeteria.com\/ca\/wp-json\/wp\/v2\/pages\/18\/revisions"}],"predecessor-version":[{"id":1221,"href":"https:\/\/nouconventcafeteria.com\/ca\/wp-json\/wp\/v2\/pages\/18\/revisions\/1221"}],"wp:attachment":[{"href":"https:\/\/nouconventcafeteria.com\/ca\/wp-json\/wp\/v2\/media?parent=18"}],"curies":[{"name":"wp","href":"https:\/\/api.w.org\/{rel}","templated":true}]}}